{"id":2,"date":"2020-10-08T18:25:39","date_gmt":"2020-10-08T16:25:39","guid":{"rendered":"https:\/\/www.queere-fachkonferenz.de\/?page_id=2"},"modified":"2021-10-06T04:59:44","modified_gmt":"2021-10-06T02:59:44","slug":"impressum","status":"publish","type":"page","link":"https:\/\/www.queere-fachkonferenz.de\/tagung032022\/impressum\/","title":{"rendered":"Impressum"},"content":{"rendered":"\n<p>Verantwortlich f\u00fcr den Inhalt der Seiten:<\/p>\n\n\n\n<p><strong>Kompetenzzentrum geschlechtergerechte Kinder- und Jugendhilfe Sachsen-Anhalt e. V. (KgKJH)<\/strong><\/p>\n\n\n\n<p>Ansprechpartnerin: Kerstin Schumann<br>Sch\u00f6nebecker Stra\u00dfe 82<br>39104 Magdeburg<\/p>\n\n\n\n<p>Tel.: 0391 \u2013 63 10 55 6<br>Fax: 0391 \u2013 73 62 84 87<\/p>\n\n\n\n<p>Dieses Projekt wird gef\u00f6rdert vom Ministerium f\u00fcr Arbeit, Soziales und Integration des Landes Sachsen-Anhalt.<\/p>\n\n\n\n<p><strong>Haftung f\u00fcr Links<\/strong><\/p>\n\n\n\n<p>Unser Angebot enth\u00e4lt Links zu externen Webseiten Dritter, auf deren Inhalte wir keinen Einfluss haben. Deshalb k\u00f6nnen wir f\u00fcr diese fremden Inhalte auch keine Gew\u00e4hr \u00fcbernehmen. F\u00fcr die Inhalte der verlinkten Seiten ist stets der jeweilige Anbieter oder Betreiber der Seiten verantwortlich. Die verlinkten Seiten wurden zum Zeitpunkt der Verlinkung auf m\u00f6gliche Rechtsverst\u00f6\u00dfe \u00fcberpr\u00fcft. Rechtswidrige Inhalte waren zum Zeitpunkt der Verlinkung nicht erkennbar. Eine permanente inhaltliche Kontrolle der verlinkten Seiten ist jedoch ohne konkrete Anhaltspunkte einer Rechtsverletzung nicht zumutbar. Bei bekannt werden von Rechtsverletzungen werden wir derartige Links umgehend entfernen.<\/p>\n\n\n\n<p>Webdesign: <a href=\"https:\/\/www.tytschkowski-webdesign.de\/\" target=\"_blank\" rel=\"noreferrer noopener\">Tytschkowski Webdesign &amp; Service<\/a><\/p>\n","protected":false},"excerpt":{"rendered":"<p>Verantwortlich f\u00fcr den Inhalt der Seiten: Kompetenzzentrum geschlechtergerechte Kinder- und Jugendhilfe Sachsen-Anhalt e. V. (KgKJH) Ansprechpartnerin: Kerstin SchumannSch\u00f6nebecker Stra\u00dfe 8239104 Magdeburg Tel.: 0391 \u2013 63 10 55 6Fax: 0391 \u2013 73 62 84 87 Dieses Projekt wird gef\u00f6rdert vom Ministerium &hellip; <a href=\"https:\/\/www.queere-fachkonferenz.de\/tagung032022\/impressum\/\">Weiter<\/a><\/p>\n","protected":false},"author":1,"featured_media":0,"parent":0,"menu_order":98,"comment_status":"closed","ping_status":"open","template":"","meta":{"advgb_blocks_editor_width":"","advgb_blocks_columns_visual_guide":"","kt_blocks_editor_width":"","footnotes":""},"class_list":["post-2","page","type-page","status-publish","hentry"],"coauthors":[],"author_meta":{"author_link":"https:\/\/www.queere-fachkonferenz.de\/tagung032022\/author\/qfadmin\/","display_name":"qfadmin"},"relative_dates":{"created":"Ver\u00f6ffentlicht 6\u00a0Jahren vor","modified":"Aktualisiert 5\u00a0Jahren vor"},"absolute_dates":{"created":"Ver\u00f6ffentlicht am 8. Oktober 2020","modified":"Aktualisiert am 6. Oktober 2021"},"absolute_dates_time":{"created":"Ver\u00f6ffentlicht am 8. Oktober 2020 18:25","modified":"Aktualisiert am 6. Oktober 2021 4:59"},"featured_img_caption":"","featured_img":false,"series_order":"","_links":{"self":[{"href":"https:\/\/www.queere-fachkonferenz.de\/tagung032022\/wp-json\/wp\/v2\/pages\/2","targetHints":{"allow":["GET"]}}],"collection":[{"href":"https:\/\/www.queere-fachkonferenz.de\/tagung032022\/wp-json\/wp\/v2\/pages"}],"about":[{"href":"https:\/\/www.queere-fachkonferenz.de\/tagung032022\/wp-json\/wp\/v2\/types\/page"}],"author":[{"embeddable":true,"href":"https:\/\/www.queere-fachkonferenz.de\/tagung032022\/wp-json\/wp\/v2\/users\/1"}],"replies":[{"embeddable":true,"href":"https:\/\/www.queere-fachkonferenz.de\/tagung032022\/wp-json\/wp\/v2\/comments?post=2"}],"version-history":[{"count":3,"href":"https:\/\/www.queere-fachkonferenz.de\/tagung032022\/wp-json\/wp\/v2\/pages\/2\/revisions"}],"predecessor-version":[{"id":114,"href":"https:\/\/www.queere-fachkonferenz.de\/tagung032022\/wp-json\/wp\/v2\/pages\/2\/revisions\/114"}],"wp:attachment":[{"href":"https:\/\/www.queere-fachkonferenz.de\/tagung032022\/wp-json\/wp\/v2\/media?parent=2"}],"curies":[{"name":"wp","href":"https:\/\/api.w.org\/{rel}","templated":true}]}}