{"id":119,"date":"2022-01-07T15:59:35","date_gmt":"2022-01-07T14:59:35","guid":{"rendered":"https:\/\/www.queere-fachkonferenz.de\/?page_id=119"},"modified":"2022-04-03T18:18:38","modified_gmt":"2022-04-03T16:18:38","slug":"kuj-verqueeren","status":"publish","type":"page","link":"https:\/\/www.queere-fachkonferenz.de\/tagung032022\/","title":{"rendered":"Fachtagung Kinder- und Jugendhilfe &#038; Schule verqueeren Schwerpunkt: L\u00e4ndlicher Raum"},"content":{"rendered":"\n<p><\/p>\n\n\n\n<div class=\"wp-block-columns is-layout-flex wp-container-core-columns-is-layout-9d6595d7 wp-block-columns-is-layout-flex\">\n<div class=\"wp-block-column is-layout-flow wp-block-column-is-layout-flow\" style=\"flex-basis:66.66%\">\n<p>Sei es in der Kita, im Hort oder in der Schule, im Sportverein, im Jugendverband oder in der offenen Jugendarbeit, im Blick sind meist nur Heterosexualit\u00e4t und Zweigeschlechtlichkeit. Die Unsichtbarkeit, die queere Kinder und Jugendliche dadurch erleben, verursacht vielfach psychische Belastungen. Notwendig ist also Unterst\u00fctzung durch Fachkr\u00e4fte \u2013 doch wie kann das gehen?<\/p>\n\n\n\n<p>Genau hier m\u00f6chten wir mit der Fachtagung ansetzen und Impulse geben, wie wir uns diesen Zielgruppen \u00f6ffnen und sie unterst\u00fctzen k\u00f6nnen. Ziel der Veranstaltung ist es, Methoden, Instrumente und Handlungsstrategien aufzuzeigen, um die Kinder- und Jugendhilfe, die Schule und die Schulsozialarbeit queersensibler zu machen. Dabei schauen wir diesmal konkreter in den l\u00e4ndlichen Raum.<\/p>\n\n\n\n<p><strong>Einblicke in die Tagung, die am 31.M\u00e4rz 2022 in Stendal durchgef\u00fchrt wurde, finden sich hier:<\/strong><\/p>\n\n\n\n<ul class=\"wp-block-list\"><li><a href=\"https:\/\/www.queere-fachkonferenz.de\/tagung032022\/wp-content\/uploads\/2022\/02\/Programm_v2022-02-10.pdf\">Programm<\/a><\/li><li><a href=\"https:\/\/www.queere-fachkonferenz.de\/tagung032022\/kuj-verqueeren\/grusswort-der-gleichstellungsbeauftragten-des-landkreises-elisabeth-seyer\/\">Gru\u00dfwort der Gleichstellungsbeauftragten des Landkreises Elisabeth Seyer <\/a><\/li><li><a href=\"https:\/\/www.queere-fachkonferenz.de\/tagung032022\/statement-queerer-jugendlicher\/\">Statement queerer Jugendlicher<\/a><\/li><li><a href=\"https:\/\/www.queere-fachkonferenz.de\/tagung032022\/vorstellung-der-studie-zur-fachkraeftebefragung-durch-cornelia-sperling\/\">Vorstellung der Studie zur Fachkr\u00e4ftebefragung durch Cornelia Sperling<\/a> <\/li><li><a href=\"https:\/\/www.queere-fachkonferenz.de\/tagung032022\/wp-content\/uploads\/2022\/04\/Teilpraesentation-Brodersen.pdf\">Pr\u00e4sentation des Vortrages \u201eJugendhilfe f\u00fcr alle\u201c von Folker Brodersen<\/a><\/li><li><a href=\"https:\/\/www.queere-fachkonferenz.de\/tagung032022\/abschlusswort-der-ministerin-fuer-arbeit-soziales-gesundheit-und-gleichstellung-sachsen-anhalt-petra-grimm-benne\/\">Abschlusswort der Ministerin f\u00fcr Arbeit, Soziales, Gesundheit und Gleichstellung Sachsen-Anhalt Petra Grimm-Benne<\/a><\/li><li><a href=\"https:\/\/padlet.com\/schumannkgkjh1\/px1gqaodh6sfed6h\">Adressen und Informationen der beteiligten Vereine und Initiativen <\/a><\/li><li><a href=\"https:\/\/www.queere-fachkonferenz.de\/tagung032022\/wp-content\/uploads\/2022\/04\/queere-Fachkonferenz-Speed-Dating.pdf\">Speeddatingflyer<\/a> <\/li><li><a href=\"https:\/\/www.geschlechtergerechtejugendhilfe.de\/wp-content\/uploads\/2022\/04\/Statement-Land.pdf\">Statement \u201eQueere Kinder und Jugendliche in l\u00e4ndlichen Regionen\u201c<\/a><\/li><li><a href=\"https:\/\/www.queere-fachkonferenz.de\/tagung032022\/kuj-verqueeren\/fotos\/\" data-type=\"page\" data-id=\"228\">Ausgew\u00e4hlte Fotos<\/a> <\/li><li><a href=\"https:\/\/www.queere-fachkonferenz.de\/tagung032022\/awarenesskonzept-der-tagung\/\">Awarenesskonzept der Tagung<\/a><\/li><\/ul>\n\n\n\n<p>Die Tagung wurde durch das Bundesministerium f\u00fcr Familie, Senioren, Frauen und Jugend im Rahmen des Modellprojektes \u201eDemokratie Leben\u201c und vom Ministerium f\u00fcr Arbeit, Soziales, Gesundheit und Gleichstellung des Landes Sachsen-Anhalt gef\u00f6rdert.<\/p>\n\n\n\n<p>Weitere Fragen beantwortet Ihnen sehr gerne <a href=\"mailto:schumann@kgkjh.de\">Kerstin Schumann<\/a> (KgKJH<em>).<\/em><\/p>\n<\/div>\n\n\n\n<div class=\"wp-block-column is-layout-flow wp-block-column-is-layout-flow\" style=\"flex-basis:33.33%\">\n<figure class=\"wp-block-image size-full\"><img loading=\"lazy\" decoding=\"async\" width=\"296\" height=\"944\" src=\"https:\/\/www.queere-fachkonferenz.de\/tagung032022\/wp-content\/uploads\/2022\/01\/logos.jpg\" alt=\"\" class=\"wp-image-121\" srcset=\"https:\/\/www.queere-fachkonferenz.de\/tagung032022\/wp-content\/uploads\/2022\/01\/logos.jpg 296w, https:\/\/www.queere-fachkonferenz.de\/tagung032022\/wp-content\/uploads\/2022\/01\/logos-94x300.jpg 94w\" sizes=\"auto, (max-width: 296px) 100vw, 296px\" \/><\/figure>\n<\/div>\n<\/div>\n","protected":false},"excerpt":{"rendered":"<p>Sei es in der Kita, im Hort oder in der Schule, im Sportverein, im Jugendverband oder in der offenen Jugendarbeit, im Blick sind meist nur Heterosexualit\u00e4t und Zweigeschlechtlichkeit. Die Unsichtbarkeit, die queere Kinder und Jugendliche dadurch erleben, verursacht vielfach psychische &hellip; <a href=\"https:\/\/www.queere-fachkonferenz.de\/tagung032022\/\">Weiter<\/a><\/p>\n","protected":false},"author":1,"featured_media":0,"parent":0,"menu_order":0,"comment_status":"closed","ping_status":"closed","template":"","meta":{"advgb_blocks_editor_width":"","advgb_blocks_columns_visual_guide":"","kt_blocks_editor_width":"","footnotes":""},"class_list":["post-119","page","type-page","status-publish","hentry"],"coauthors":[],"author_meta":{"author_link":"https:\/\/www.queere-fachkonferenz.de\/tagung032022\/author\/qfadmin\/","display_name":"qfadmin"},"relative_dates":{"created":"Ver\u00f6ffentlicht 4\u00a0Jahren vor","modified":"Aktualisiert 4\u00a0Jahren vor"},"absolute_dates":{"created":"Ver\u00f6ffentlicht am 7. Januar 2022","modified":"Aktualisiert am 3. April 2022"},"absolute_dates_time":{"created":"Ver\u00f6ffentlicht am 7. Januar 2022 15:59","modified":"Aktualisiert am 3. April 2022 18:18"},"featured_img_caption":"","featured_img":false,"series_order":"","_links":{"self":[{"href":"https:\/\/www.queere-fachkonferenz.de\/tagung032022\/wp-json\/wp\/v2\/pages\/119","targetHints":{"allow":["GET"]}}],"collection":[{"href":"https:\/\/www.queere-fachkonferenz.de\/tagung032022\/wp-json\/wp\/v2\/pages"}],"about":[{"href":"https:\/\/www.queere-fachkonferenz.de\/tagung032022\/wp-json\/wp\/v2\/types\/page"}],"author":[{"embeddable":true,"href":"https:\/\/www.queere-fachkonferenz.de\/tagung032022\/wp-json\/wp\/v2\/users\/1"}],"replies":[{"embeddable":true,"href":"https:\/\/www.queere-fachkonferenz.de\/tagung032022\/wp-json\/wp\/v2\/comments?post=119"}],"version-history":[{"count":35,"href":"https:\/\/www.queere-fachkonferenz.de\/tagung032022\/wp-json\/wp\/v2\/pages\/119\/revisions"}],"predecessor-version":[{"id":333,"href":"https:\/\/www.queere-fachkonferenz.de\/tagung032022\/wp-json\/wp\/v2\/pages\/119\/revisions\/333"}],"wp:attachment":[{"href":"https:\/\/www.queere-fachkonferenz.de\/tagung032022\/wp-json\/wp\/v2\/media?parent=119"}],"curies":[{"name":"wp","href":"https:\/\/api.w.org\/{rel}","templated":true}]}}